{"id":14,"date":"2024-09-16T12:40:06","date_gmt":"2024-09-16T12:40:06","guid":{"rendered":"https:\/\/markomontage.sk\/?page_id=14"},"modified":"2024-11-28T22:50:23","modified_gmt":"2024-11-28T22:50:23","slug":"na-stiahnutie","status":"publish","type":"page","link":"https:\/\/markomontage.sk\/fr\/na-stiahnutie\/","title":{"rendered":"Na stiahnutie"},"content":{"rendered":"<p><div class=\"fusion-fullwidth fullwidth-box fusion-builder-row-1 fusion-flex-container has-pattern-background has-mask-background fusion-parallax-none nonhundred-percent-fullwidth non-hundred-percent-height-scrolling\" style=\"--awb-background-position:center top;--awb-border-radius-top-left:0px;--awb-border-radius-top-right:0px;--awb-border-radius-bottom-right:0px;--awb-border-radius-bottom-left:0px;--awb-margin-top:-180px;--awb-min-height:450px;--awb-min-height-small:400px;--awb-background-image:linear-gradient(180deg, rgba(0,5,20,0.63) 0%,rgba(0,4,15,0.63) 100%),url(https:\/\/markomontage.sk\/wp-content\/uploads\/2024\/09\/Sluzby-Nahled.webp);;--awb-background-size:cover;--awb-flex-wrap:wrap;\" ><div class=\"fusion-builder-row fusion-row fusion-flex-align-items-flex-start fusion-flex-align-content-center fusion-flex-content-wrap\" style=\"max-width:1331.2px;margin-left: calc(-4% \/ 2 );margin-right: calc(-4% \/ 2 );\"><div class=\"fusion-layout-column fusion_builder_column fusion-builder-column-0 fusion_builder_column_1_1 1_1 fusion-flex-column\" style=\"--awb-bg-size:cover;--awb-width-large:100%;--awb-margin-top-large:0px;--awb-spacing-right-large:1.92%;--awb-margin-bottom-large:20px;--awb-spacing-left-large:1.92%;--awb-width-medium:100%;--awb-order-medium:0;--awb-spacing-right-medium:1.92%;--awb-spacing-left-medium:1.92%;--awb-width-small:100%;--awb-order-small:0;--awb-spacing-right-small:1.92%;--awb-spacing-left-small:1.92%;\"><div class=\"fusion-column-wrapper fusion-column-has-shadow fusion-flex-justify-content-flex-start fusion-content-layout-column\"><div class=\"fusion-title title fusion-title-1 fusion-sep-none fusion-title-center fusion-title-text fusion-title-size-one\" style=\"--awb-text-color:var(--awb-color1);\"><h1 class=\"fusion-title-heading title-heading-center fusion-responsive-typography-calculated\" style=\"margin:0;--fontSize:64;line-height:var(--awb-typography1-line-height);\">Na stiahnutie<\/h1><\/div><\/div><\/div><\/div><\/div><div class=\"fusion-fullwidth fullwidth-box fusion-builder-row-2 fusion-flex-container has-pattern-background has-mask-background nonhundred-percent-fullwidth non-hundred-percent-height-scrolling\" style=\"--awb-border-radius-top-left:0px;--awb-border-radius-top-right:0px;--awb-border-radius-bottom-right:0px;--awb-border-radius-bottom-left:0px;--awb-padding-top:100px;--awb-padding-bottom:100px;--awb-flex-wrap:wrap;\" ><div class=\"fusion-builder-row fusion-row fusion-flex-align-items-flex-start fusion-flex-justify-content-center fusion-flex-content-wrap\" style=\"max-width:1331.2px;margin-left: calc(-4% \/ 2 );margin-right: calc(-4% \/ 2 );\"><div class=\"fusion-layout-column fusion_builder_column fusion-builder-column-1 fusion_builder_column_3_4 3_4 fusion-flex-column\" style=\"--awb-bg-size:cover;--awb-width-large:75%;--awb-margin-top-large:0px;--awb-spacing-right-large:2.56%;--awb-margin-bottom-large:20px;--awb-spacing-left-large:2.56%;--awb-width-medium:75%;--awb-order-medium:0;--awb-spacing-right-medium:2.56%;--awb-spacing-left-medium:2.56%;--awb-width-small:100%;--awb-order-small:0;--awb-spacing-right-small:1.92%;--awb-spacing-left-small:1.92%;\"><div class=\"fusion-column-wrapper fusion-column-has-shadow fusion-flex-justify-content-flex-start fusion-content-layout-column\"><ul style=\"--awb-divider-color:var(--awb-color4);--awb-line-height:27.2px;--awb-icon-width:27.2px;--awb-icon-height:27.2px;--awb-icon-margin:11.2px;--awb-content-margin:38.4px;\" class=\"fusion-checklist fusion-checklist-1 fusion-checklist-default fusion-checklist-divider type-icons igp-prospekty-download-checklist show-icons\"><li class=\"fusion-li-item\" style=\"--awb-iconcolor:var(--awb-color5);\"><span class=\"icon-wrapper circle-no\"><i class=\"fusion-li-icon fa-file-pdf fas\" aria-hidden=\"true\"><\/i><\/span><div class=\"fusion-li-item-content\">Opr\u00e1vnenie \u010d.1 Vladislav P. &nbsp;<a class=\"fb-icon-element-1 fb-icon-element fontawesome-icon fa-eye fas circle-yes fusion-text-flow fusion-link\" style=\"--awb-circlecolor-hover:var(--awb-color5);--awb-circlebordercolor-hover:var(--awb-color8);--awb-circlebordersize:1px;--awb-font-size:28.16px;--awb-width:56.32px;--awb-height:56.32px;--awb-line-height:54.32px;--awb-margin-right:16px;\" href=\"\/wp-content\/uploads\/2024\/11\/Opravnenie-c.1-scaled.webp\" aria-label=\"Link to \/wp-content\/uploads\/2024\/11\/Opravnenie-c.1-scaled.webp\" target=\"_self\"><\/a><a href=\"\/wp-content\/uploads\/2024\/11\/Opravnenie-c.1-scaled.webp\" download=\"Opr\u00e1vnenie \u010d.1 Vladislav P.\"><i class=\"fb-icon-element-2 fb-icon-element fontawesome-icon fa-download fas circle-yes fusion-text-flow\" style=\"--awb-circlecolor-hover:var(--awb-color5);--awb-circlebordercolor-hover:var(--awb-color8);--awb-circlebordersize:1px;--awb-font-size:28.16px;--awb-width:56.32px;--awb-height:56.32px;--awb-line-height:54.32px;--awb-margin-right:16px;\"><\/i><\/a><\/div><\/li><li class=\"fusion-li-item\" style=\"--awb-iconcolor:var(--awb-color5);\"><span class=\"icon-wrapper circle-no\"><i class=\"fusion-li-icon fa-file-pdf fas\" aria-hidden=\"true\"><\/i><\/span><div class=\"fusion-li-item-content\">Opr\u00e1vnenie \u010d.2 Tom\u00e1\u0161 M. &nbsp;<a class=\"fb-icon-element-3 fb-icon-element fontawesome-icon fa-eye fas circle-yes fusion-text-flow fusion-link\" style=\"--awb-circlecolor-hover:var(--awb-color5);--awb-circlebordercolor-hover:var(--awb-color8);--awb-circlebordersize:1px;--awb-font-size:28.16px;--awb-width:56.32px;--awb-height:56.32px;--awb-line-height:54.32px;--awb-margin-right:16px;\" href=\"\/wp-content\/uploads\/2024\/11\/Opravnenie-c.2-scaled.webp\" aria-label=\"Link to \/wp-content\/uploads\/2024\/11\/Opravnenie-c.2-scaled.webp\" target=\"_self\"><\/a><a href=\"\/wp-content\/uploads\/2024\/11\/Opravnenie-c.2-scaled.webp\" download=\"Opr\u00e1vnenie \u010d.2 Tom\u00e1\u0161 M.\"><i class=\"fb-icon-element-4 fb-icon-element fontawesome-icon fa-download fas circle-yes fusion-text-flow\" style=\"--awb-circlecolor-hover:var(--awb-color5);--awb-circlebordercolor-hover:var(--awb-color8);--awb-circlebordersize:1px;--awb-font-size:28.16px;--awb-width:56.32px;--awb-height:56.32px;--awb-line-height:54.32px;--awb-margin-right:16px;\"><\/i><\/a><\/div><\/li><li class=\"fusion-li-item\" style=\"--awb-iconcolor:var(--awb-color5);\"><span class=\"icon-wrapper circle-no\"><i class=\"fusion-li-icon fa-file-pdf fas\" aria-hidden=\"true\"><\/i><\/span><div class=\"fusion-li-item-content\">Opr\u00e1vnenie \u010d.3 Henrich M. &nbsp;<a class=\"fb-icon-element-5 fb-icon-element fontawesome-icon fa-eye fas circle-yes fusion-text-flow fusion-link\" style=\"--awb-circlecolor-hover:var(--awb-color5);--awb-circlebordercolor-hover:var(--awb-color8);--awb-circlebordersize:1px;--awb-font-size:28.16px;--awb-width:56.32px;--awb-height:56.32px;--awb-line-height:54.32px;--awb-margin-right:16px;\" href=\"\/wp-content\/uploads\/2024\/11\/Opravnenie-c.3-scaled.webp\" aria-label=\"Link to \/wp-content\/uploads\/2024\/11\/Opravnenie-c.3-scaled.webp\" target=\"_self\"><\/a><a href=\"\/wp-content\/uploads\/2024\/11\/Opravnenie-c.3-scaled.webp\" download=\"Opr\u00e1vnenie \u010d.3 Henrich M.\"><i class=\"fb-icon-element-6 fb-icon-element fontawesome-icon fa-download fas circle-yes fusion-text-flow\" style=\"--awb-circlecolor-hover:var(--awb-color5);--awb-circlebordercolor-hover:var(--awb-color8);--awb-circlebordersize:1px;--awb-font-size:28.16px;--awb-width:56.32px;--awb-height:56.32px;--awb-line-height:54.32px;--awb-margin-right:16px;\"><\/i><\/a><\/div><\/li><li class=\"fusion-li-item\" style=\"--awb-iconcolor:var(--awb-color5);\"><span class=\"icon-wrapper circle-no\"><i class=\"fusion-li-icon fa-file-pdf fas\" aria-hidden=\"true\"><\/i><\/span><div class=\"fusion-li-item-content\">Opr\u00e1vnenie \u010d.4 Ivan P. &nbsp;<a class=\"fb-icon-element-7 fb-icon-element fontawesome-icon fa-eye fas circle-yes fusion-text-flow fusion-link\" style=\"--awb-circlecolor-hover:var(--awb-color5);--awb-circlebordercolor-hover:var(--awb-color8);--awb-circlebordersize:1px;--awb-font-size:28.16px;--awb-width:56.32px;--awb-height:56.32px;--awb-line-height:54.32px;--awb-margin-right:16px;\" href=\"\/wp-content\/uploads\/2024\/11\/Opravnenie-c.4-scaled.webp\" aria-label=\"Link to \/wp-content\/uploads\/2024\/11\/Opravnenie-c.4-scaled.webp\" target=\"_self\"><\/a><a href=\"\/wp-content\/uploads\/2024\/11\/Opravnenie-c.4-scaled.webp\" download=\"Opr\u00e1vnenie \u010d.4 Ivan P.\"><i class=\"fb-icon-element-8 fb-icon-element fontawesome-icon fa-download fas circle-yes fusion-text-flow\" style=\"--awb-circlecolor-hover:var(--awb-color5);--awb-circlebordercolor-hover:var(--awb-color8);--awb-circlebordersize:1px;--awb-font-size:28.16px;--awb-width:56.32px;--awb-height:56.32px;--awb-line-height:54.32px;--awb-margin-right:16px;\"><\/i><\/a><\/div><\/li><li class=\"fusion-li-item\" style=\"--awb-iconcolor:var(--awb-color5);\"><span class=\"icon-wrapper circle-no\"><i class=\"fusion-li-icon fa-file-pdf fas\" aria-hidden=\"true\"><\/i><\/span><div class=\"fusion-li-item-content\">Opr\u00e1vnenie \u010d.5 Juraj C. &nbsp;<a class=\"fb-icon-element-9 fb-icon-element fontawesome-icon fa-eye fas circle-yes fusion-text-flow fusion-link\" style=\"--awb-circlecolor-hover:var(--awb-color5);--awb-circlebordercolor-hover:var(--awb-color8);--awb-circlebordersize:1px;--awb-font-size:28.16px;--awb-width:56.32px;--awb-height:56.32px;--awb-line-height:54.32px;--awb-margin-right:16px;\" href=\"\/wp-content\/uploads\/2024\/11\/Opravnenie-c.5-scaled.webp\" aria-label=\"Link to \/wp-content\/uploads\/2024\/11\/Opravnenie-c.5-scaled.webp\" target=\"_self\"><\/a><a href=\"\/wp-content\/uploads\/2024\/11\/Opravnenie-c.5-scaled.webp\" download=\"Opr\u00e1vnenie \u010d.5 Juraj C.\"><i class=\"fb-icon-element-10 fb-icon-element fontawesome-icon fa-download fas circle-yes fusion-text-flow\" style=\"--awb-circlecolor-hover:var(--awb-color5);--awb-circlebordercolor-hover:var(--awb-color8);--awb-circlebordersize:1px;--awb-font-size:28.16px;--awb-width:56.32px;--awb-height:56.32px;--awb-line-height:54.32px;--awb-margin-right:16px;\"><\/i><\/a><\/div><\/li><li class=\"fusion-li-item\" style=\"--awb-iconcolor:var(--awb-color5);\"><span class=\"icon-wrapper circle-no\"><i class=\"fusion-li-icon fa-file-pdf fas\" aria-hidden=\"true\"><\/i><\/span><div class=\"fusion-li-item-content\">Opr\u00e1vnenie \u010d.6 Roman S. &nbsp;<a class=\"fb-icon-element-11 fb-icon-element fontawesome-icon fa-eye fas circle-yes fusion-text-flow fusion-link\" style=\"--awb-circlecolor-hover:var(--awb-color5);--awb-circlebordercolor-hover:var(--awb-color8);--awb-circlebordersize:1px;--awb-font-size:28.16px;--awb-width:56.32px;--awb-height:56.32px;--awb-line-height:54.32px;--awb-margin-right:16px;\" href=\"\/wp-content\/uploads\/2024\/11\/Opravnenie-c.6-scaled.webp\" aria-label=\"Link to \/wp-content\/uploads\/2024\/11\/Opravnenie-c.6-scaled.webp\" target=\"_self\"><\/a><a href=\"\/wp-content\/uploads\/2024\/11\/Opravnenie-c.6-scaled.webp\" download=\"Opr\u00e1vnenie \u010d.6 Roman S.\"><i class=\"fb-icon-element-12 fb-icon-element fontawesome-icon fa-download fas circle-yes fusion-text-flow\" style=\"--awb-circlecolor-hover:var(--awb-color5);--awb-circlebordercolor-hover:var(--awb-color8);--awb-circlebordersize:1px;--awb-font-size:28.16px;--awb-width:56.32px;--awb-height:56.32px;--awb-line-height:54.32px;--awb-margin-right:16px;\"><\/i><\/a><\/div><\/li><li class=\"fusion-li-item\" style=\"--awb-iconcolor:var(--awb-color5);\"><span class=\"icon-wrapper circle-no\"><i class=\"fusion-li-icon fa-file-pdf fas\" aria-hidden=\"true\"><\/i><\/span><div class=\"fusion-li-item-content\">Opr\u00e1vnenie \u010d.7 Martin G. &nbsp;<a class=\"fb-icon-element-13 fb-icon-element fontawesome-icon fa-eye fas circle-yes fusion-text-flow fusion-link\" style=\"--awb-circlecolor-hover:var(--awb-color5);--awb-circlebordercolor-hover:var(--awb-color8);--awb-circlebordersize:1px;--awb-font-size:28.16px;--awb-width:56.32px;--awb-height:56.32px;--awb-line-height:54.32px;--awb-margin-right:16px;\" href=\"\/wp-content\/uploads\/2024\/11\/Opravnenie-c.7-scaled.webp\" aria-label=\"Link to \/wp-content\/uploads\/2024\/11\/Opravnenie-c.7-scaled.webp\" target=\"_self\"><\/a><a href=\"\/wp-content\/uploads\/2024\/11\/Opravnenie-c.7-scaled.webp\" download=\"Opr\u00e1vnenie \u010d.7 Martin G.\"><i class=\"fb-icon-element-14 fb-icon-element fontawesome-icon fa-download fas circle-yes fusion-text-flow\" style=\"--awb-circlecolor-hover:var(--awb-color5);--awb-circlebordercolor-hover:var(--awb-color8);--awb-circlebordersize:1px;--awb-font-size:28.16px;--awb-width:56.32px;--awb-height:56.32px;--awb-line-height:54.32px;--awb-margin-right:16px;\"><\/i><\/a><\/div><\/li><li class=\"fusion-li-item\" style=\"--awb-iconcolor:var(--awb-color5);\"><span class=\"icon-wrapper circle-no\"><i class=\"fusion-li-icon fa-file-pdf fas\" aria-hidden=\"true\"><\/i><\/span><div class=\"fusion-li-item-content\">Opr\u00e1vnenie \u010d.8 Michal \u010c. &nbsp;<a class=\"fb-icon-element-15 fb-icon-element fontawesome-icon fa-eye fas circle-yes fusion-text-flow fusion-link\" style=\"--awb-circlecolor-hover:var(--awb-color5);--awb-circlebordercolor-hover:var(--awb-color8);--awb-circlebordersize:1px;--awb-font-size:28.16px;--awb-width:56.32px;--awb-height:56.32px;--awb-line-height:54.32px;--awb-margin-right:16px;\" href=\"\/wp-content\/uploads\/2024\/11\/Opravnenie-c.8-scaled.webp\" aria-label=\"Link to \/wp-content\/uploads\/2024\/11\/Opravnenie-c.8-scaled.webp\" target=\"_self\"><\/a><a href=\"\/wp-content\/uploads\/2024\/11\/Opravnenie-c.8-scaled.webp\" download=\"Opr\u00e1vnenie \u010d.8 Michal \u010c.\"><i class=\"fb-icon-element-16 fb-icon-element fontawesome-icon fa-download fas circle-yes fusion-text-flow\" style=\"--awb-circlecolor-hover:var(--awb-color5);--awb-circlebordercolor-hover:var(--awb-color8);--awb-circlebordersize:1px;--awb-font-size:28.16px;--awb-width:56.32px;--awb-height:56.32px;--awb-line-height:54.32px;--awb-margin-right:16px;\"><\/i><\/a><\/div><\/li><\/ul><\/div><\/div><\/div><\/div><\/p>","protected":false},"excerpt":{"rendered":"","protected":false},"author":1,"featured_media":0,"parent":0,"menu_order":0,"comment_status":"closed","ping_status":"closed","template":"100-width.php","meta":{"_acf_changed":false,"footnotes":""},"class_list":["post-14","page","type-page","status-publish","hentry"],"acf":[],"_links":{"self":[{"href":"https:\/\/markomontage.sk\/fr\/wp-json\/wp\/v2\/pages\/14","targetHints":{"allow":["GET"]}}],"collection":[{"href":"https:\/\/markomontage.sk\/fr\/wp-json\/wp\/v2\/pages"}],"about":[{"href":"https:\/\/markomontage.sk\/fr\/wp-json\/wp\/v2\/types\/page"}],"author":[{"embeddable":true,"href":"https:\/\/markomontage.sk\/fr\/wp-json\/wp\/v2\/users\/1"}],"replies":[{"embeddable":true,"href":"https:\/\/markomontage.sk\/fr\/wp-json\/wp\/v2\/comments?post=14"}],"version-history":[{"count":11,"href":"https:\/\/markomontage.sk\/fr\/wp-json\/wp\/v2\/pages\/14\/revisions"}],"predecessor-version":[{"id":392,"href":"https:\/\/markomontage.sk\/fr\/wp-json\/wp\/v2\/pages\/14\/revisions\/392"}],"wp:attachment":[{"href":"https:\/\/markomontage.sk\/fr\/wp-json\/wp\/v2\/media?parent=14"}],"curies":[{"name":"wp","href":"https:\/\/api.w.org\/{rel}","templated":true}]}}