{"id":667,"date":"2025-09-12T09:08:50","date_gmt":"2025-09-12T09:08:50","guid":{"rendered":"https:\/\/markomontage.sk\/?page_id=667"},"modified":"2025-09-12T09:11:16","modified_gmt":"2025-09-12T09:11:16","slug":"ochrana-osobnych-udajov","status":"publish","type":"page","link":"https:\/\/markomontage.sk\/de\/ochrana-osobnych-udajov\/","title":{"rendered":"Datenschutzbestimmungen"},"content":{"rendered":"<p><div class=\"fusion-fullwidth fullwidth-box fusion-builder-row-1 fusion-flex-container has-pattern-background has-mask-background fusion-parallax-none nonhundred-percent-fullwidth non-hundred-percent-height-scrolling\" style=\"--awb-background-position:center top;--awb-border-radius-top-left:0px;--awb-border-radius-top-right:0px;--awb-border-radius-bottom-right:0px;--awb-border-radius-bottom-left:0px;--awb-margin-top:-170px;--awb-min-height:450px;--awb-min-height-small:400px;--awb-background-image:linear-gradient(180deg, rgba(0,5,20,0.63) 0%,rgba(0,4,15,0.63) 100%),url(https:\/\/markomontage.sk\/wp-content\/uploads\/2024\/09\/Sluzby-Nahled.webp);;--awb-background-size:cover;--awb-flex-wrap:wrap;\" ><div class=\"fusion-builder-row fusion-row fusion-flex-align-items-flex-start fusion-flex-align-content-center fusion-flex-content-wrap\" style=\"max-width:1331.2px;margin-left: calc(-4% \/ 2 );margin-right: calc(-4% \/ 2 );\"><div class=\"fusion-layout-column fusion_builder_column fusion-builder-column-0 fusion_builder_column_1_1 1_1 fusion-flex-column\" style=\"--awb-bg-size:cover;--awb-width-large:100%;--awb-margin-top-large:0px;--awb-spacing-right-large:1.92%;--awb-margin-bottom-large:20px;--awb-spacing-left-large:1.92%;--awb-width-medium:100%;--awb-order-medium:0;--awb-spacing-right-medium:1.92%;--awb-spacing-left-medium:1.92%;--awb-width-small:100%;--awb-order-small:0;--awb-spacing-right-small:1.92%;--awb-spacing-left-small:1.92%;\"><div class=\"fusion-column-wrapper fusion-column-has-shadow fusion-flex-justify-content-flex-start fusion-content-layout-column\"><div class=\"fusion-title title fusion-title-1 fusion-sep-none fusion-title-center fusion-title-text fusion-title-size-one\" style=\"--awb-text-color:var(--awb-color1);\"><h1 class=\"fusion-title-heading title-heading-center fusion-responsive-typography-calculated\" style=\"margin:0;--fontSize:64;line-height:var(--awb-typography1-line-height);\">Datenschutzbestimmungen<\/h1><\/div><\/div><\/div><\/div><\/div><div class=\"fusion-fullwidth fullwidth-box fusion-builder-row-2 fusion-flex-container has-pattern-background has-mask-background nonhundred-percent-fullwidth non-hundred-percent-height-scrolling\" style=\"--awb-border-radius-top-left:0px;--awb-border-radius-top-right:0px;--awb-border-radius-bottom-right:0px;--awb-border-radius-bottom-left:0px;--awb-flex-wrap:wrap;\" ><div class=\"fusion-builder-row fusion-row fusion-flex-align-items-flex-start fusion-flex-content-wrap\" style=\"max-width:1331.2px;margin-left: calc(-4% \/ 2 );margin-right: calc(-4% \/ 2 );\"><div class=\"fusion-layout-column fusion_builder_column fusion-builder-column-1 fusion_builder_column_1_1 1_1 fusion-flex-column\" style=\"--awb-bg-size:cover;--awb-width-large:100%;--awb-margin-top-large:0px;--awb-spacing-right-large:1.92%;--awb-margin-bottom-large:20px;--awb-spacing-left-large:1.92%;--awb-width-medium:100%;--awb-order-medium:0;--awb-spacing-right-medium:1.92%;--awb-spacing-left-medium:1.92%;--awb-width-small:100%;--awb-order-small:0;--awb-spacing-right-small:1.92%;--awb-spacing-left-small:1.92%;\"><div class=\"fusion-column-wrapper fusion-column-has-shadow fusion-flex-justify-content-flex-start fusion-content-layout-column\"><div class=\"fusion-text fusion-text-1\"><h1 data-start=\"133\" data-end=\"158\"><strong style=\"font-size: 25px; letter-spacing: 0.375px; background-color: rgba(0, 0, 0, 0);\" data-start=\"160\" data-end=\"184\">Marko Montage s.r.o.<\/strong><\/h1>\n<p data-start=\"160\" data-end=\"269\">Fra\u0148a Mojtu 18,<br data-start=\"202\" data-end=\"205\">949 01 Nitra, Slowakei<br data-start=\"228\" data-end=\"231\">ID: 54231680<br data-start=\"244\" data-end=\"247\">UMSATZSTEUER-IDENTIFIKATIONSNUMMER: SK2121650267<\/p>\n<p data-start=\"271\" data-end=\"320\">(im Folgenden als \"das Unternehmen\" oder \"der Betreiber\" bezeichnet)<\/p>\n<hr data-start=\"322\" data-end=\"325\">\n<h3 data-start=\"327\" data-end=\"354\">1. allgemeine Bestimmungen<\/h3>\n<p data-start=\"355\" data-end=\"704\">Marko Montage s.r.o. verarbeitet personenbezogene Daten in \u00dcbereinstimmung mit den geltenden Gesetzen der Slowakischen Republik und der Verordnung (EU) 2016\/679 des Europ\u00e4ischen Parlaments und des Rates (GDPR). Der Zweck dieses Dokuments ist es, Informationen dar\u00fcber zu geben, wie wir die personenbezogenen Daten unserer Kunden, Lieferanten und anderer Personen, deren Daten verarbeitet werden k\u00f6nnen, verarbeiten.<\/p>\n<hr data-start=\"706\" data-end=\"709\">\n<h3 data-start=\"711\" data-end=\"750\">2. zwecke der verarbeitung personenbezogener daten<\/h3>\n<p data-start=\"751\" data-end=\"798\">Insbesondere verarbeiten wir personenbezogene Daten f\u00fcr die folgenden Zwecke:<\/p>\n<ul data-start=\"799\" data-end=\"1088\">\n<li data-start=\"799\" data-end=\"859\">\n<p data-start=\"801\" data-end=\"859\">die Erf\u00fcllung der vertraglichen Verpflichtungen und die Aus\u00fcbung der Gesch\u00e4ftst\u00e4tigkeit,<\/p>\n<\/li>\n<li data-start=\"860\" data-end=\"930\">\n<p data-start=\"862\" data-end=\"930\">Einhaltung der gesetzlichen Verpflichtungen (insbesondere in den Bereichen Rechnungslegung und Steuern)<\/p>\n<\/li>\n<li data-start=\"931\" data-end=\"981\">\n<p data-start=\"933\" data-end=\"981\">Kommunikation mit Kunden und Gesch\u00e4ftspartnern,<\/p>\n<\/li>\n<li data-start=\"982\" data-end=\"1031\">\n<p data-start=\"984\" data-end=\"1031\">Bearbeitung von Anfragen, Auftr\u00e4gen und Beschwerden,<\/p>\n<\/li>\n<li data-start=\"1032\" data-end=\"1088\">\n<p data-start=\"1034\" data-end=\"1088\">Marketingzwecke auf der Grundlage der Einwilligung der betroffenen Person.<\/p>\n<\/li>\n<\/ul>\n<hr data-start=\"1090\" data-end=\"1093\">\n<h3 data-start=\"1095\" data-end=\"1127\">3. Umfang der verarbeiteten Daten<\/h3>\n<p data-start=\"1128\" data-end=\"1219\">Je nach dem Zweck der Verarbeitung k\u00f6nnen wir insbesondere die folgenden Kategorien personenbezogener Daten verarbeiten:<\/p>\n<ul data-start=\"1220\" data-end=\"1452\">\n<li data-start=\"1220\" data-end=\"1300\">\n<p data-start=\"1222\" data-end=\"1300\">Identifikationsdaten (Vorname, Nachname, Firmenname, Umsatzsteuer-Identifikationsnummer),<\/p>\n<\/li>\n<li data-start=\"1301\" data-end=\"1355\">\n<p data-start=\"1303\" data-end=\"1355\">Kontaktangaben (Anschrift, E-Mail, Telefonnummer),<\/p>\n<\/li>\n<li data-start=\"1356\" data-end=\"1388\">\n<p data-start=\"1358\" data-end=\"1388\">Rechnungs- und Zahlungsdetails,<\/p>\n<\/li>\n<li data-start=\"1389\" data-end=\"1452\">\n<p data-start=\"1391\" data-end=\"1452\">Daten, die f\u00fcr die Erf\u00fcllung eines Vertrags oder einer rechtlichen Verpflichtung erforderlich sind.<\/p>\n<\/li>\n<\/ul>\n<hr data-start=\"1454\" data-end=\"1457\">\n<h3 data-start=\"1459\" data-end=\"1491\">4. Rechtsgrundlage f\u00fcr die Verarbeitung<\/h3>\n<p data-start=\"1492\" data-end=\"1529\">Wir verarbeiten personenbezogene Daten auf der Grundlage von:<\/p>\n<ul data-start=\"1530\" data-end=\"1812\">\n<li data-start=\"1530\" data-end=\"1582\">\n<p data-start=\"1532\" data-end=\"1582\">Erf\u00fcllung des Vertrages gem\u00e4\u00df Artikel 6 Absatz 1 Buchstabe b) DSGVO,<\/p>\n<\/li>\n<li data-start=\"1583\" data-end=\"1649\">\n<p data-start=\"1585\" data-end=\"1649\">die Erf\u00fcllung rechtlicher Verpflichtungen gem\u00e4\u00df Artikel 6 Absatz 1 Buchstabe c der Datenschutz-Grundverordnung,<\/p>\n<\/li>\n<li data-start=\"1650\" data-end=\"1722\">\n<p data-start=\"1652\" data-end=\"1722\">das berechtigte Interesse des f\u00fcr die Verarbeitung Verantwortlichen gem\u00e4\u00df Artikel 6 Absatz 1 Buchstabe f der Datenschutz-Grundverordnung,<\/p>\n<\/li>\n<li data-start=\"1723\" data-end=\"1812\">\n<p data-start=\"1725\" data-end=\"1812\">die Einwilligung der betroffenen Person gem\u00e4\u00df Artikel 6 Absatz 1 Buchstabe a) DSGVO (insbesondere f\u00fcr Marketingzwecke).<\/p>\n<\/li>\n<\/ul>\n<hr data-start=\"1814\" data-end=\"1817\">\n<h3 data-start=\"1819\" data-end=\"1852\">5. Empf\u00e4nger von personenbezogenen Daten<\/h3>\n<p data-start=\"1853\" data-end=\"1890\">Personenbezogene Daten k\u00f6nnen weitergegeben werden:<\/p>\n<ul data-start=\"1891\" data-end=\"2058\">\n<li data-start=\"1891\" data-end=\"1933\">\n<p data-start=\"1893\" data-end=\"1933\">an unsere Angestellten und Mitarbeiter,<\/p>\n<\/li>\n<li data-start=\"1934\" data-end=\"1966\">\n<p data-start=\"1936\" data-end=\"1966\">Buchhaltungs- und Steuerberater,<\/p>\n<\/li>\n<li data-start=\"1967\" data-end=\"2011\">\n<p data-start=\"1969\" data-end=\"2011\">Anbieter von IT-Dienstleistungen und Webhosting,<\/p>\n<\/li>\n<li data-start=\"2012\" data-end=\"2058\">\n<p data-start=\"2014\" data-end=\"2058\">von einer Beh\u00f6rde in \u00dcbereinstimmung mit dem Gesetz.<\/p>\n<\/li>\n<\/ul>\n<p data-start=\"2060\" data-end=\"2120\">Wir geben keine personenbezogenen Daten zu kommerziellen Zwecken an Dritte weiter.<\/p>\n<hr data-start=\"2122\" data-end=\"2125\">\n<h3 data-start=\"2127\" data-end=\"2149\">6. Aufbewahrungsfrist<\/h3>\n<p data-start=\"2150\" data-end=\"2198\">Wir speichern personenbezogene Daten nur so lange wie n\u00f6tig:<\/p>\n<ul data-start=\"2199\" data-end=\"2386\">\n<li data-start=\"2199\" data-end=\"2335\">\n<p data-start=\"2201\" data-end=\"2335\">f\u00fcr die Dauer des Vertragsverh\u00e4ltnisses und danach entsprechend den gesetzlichen Aufbewahrungspflichten (z.B. Buchhaltungsunterlagen f\u00fcr 10 Jahre),<\/p>\n<\/li>\n<li data-start=\"2336\" data-end=\"2386\">\n<p data-start=\"2338\" data-end=\"2386\">f\u00fcr Marketingzwecke, bis die Einwilligung widerrufen wird.<\/p>\n<\/li>\n<\/ul>\n<hr data-start=\"2388\" data-end=\"2391\">\n<h3 data-start=\"2393\" data-end=\"2420\">7. Rechte der betroffenen Personen<\/h3>\n<p data-start=\"2421\" data-end=\"2449\">Die betroffenen Personen haben das Recht auf:<\/p>\n<ul data-start=\"2450\" data-end=\"2705\">\n<li data-start=\"2450\" data-end=\"2489\">\n<p data-start=\"2452\" data-end=\"2489\">auf ihre pers\u00f6nlichen Daten zuzugreifen,<\/p>\n<\/li>\n<li data-start=\"2490\" data-end=\"2538\">\n<p data-start=\"2492\" data-end=\"2538\">um ungenaue oder unvollst\u00e4ndige Daten zu korrigieren,<\/p>\n<\/li>\n<li data-start=\"2539\" data-end=\"2580\">\n<p data-start=\"2541\" data-end=\"2580\">auf L\u00f6schung (\"Recht auf Vergessenwerden\"),<\/p>\n<\/li>\n<li data-start=\"2581\" data-end=\"2611\">\n<p data-start=\"2583\" data-end=\"2611\">um die Verarbeitung einzuschr\u00e4nken,<\/p>\n<\/li>\n<li data-start=\"2612\" data-end=\"2637\">\n<p data-start=\"2614\" data-end=\"2637\">f\u00fcr die Daten\u00fcbertragbarkeit,<\/p>\n<\/li>\n<li data-start=\"2638\" data-end=\"2669\">\n<p data-start=\"2640\" data-end=\"2669\">Gegenstand der Verarbeitung,<\/p>\n<\/li>\n<li data-start=\"2670\" data-end=\"2705\">\n<p data-start=\"2672\" data-end=\"2705\">Ihre Einwilligung jederzeit widerrufen.<\/p>\n<\/li>\n<\/ul>\n<p data-start=\"2707\" data-end=\"2789\">Sie k\u00f6nnen Ihre Rechte schriftlich oder per E-Mail an die Kontaktdaten des Unternehmens aus\u00fcben.<\/p>\n<hr data-start=\"2791\" data-end=\"2794\">\n<h3 data-start=\"2796\" data-end=\"2833\">8. Kontaktinformationen des Betreibers<\/h3>\n<p data-start=\"2834\" data-end=\"2942\">Sie k\u00f6nnen sich mit uns in Verbindung setzen, um Ihre Rechte auszu\u00fcben oder um Fragen zum Datenschutz zu stellen:<\/p>\n<p data-start=\"2944\" data-end=\"3057\"><strong data-start=\"2944\" data-end=\"2968\">Marko Montage s.r.o.<\/strong><br data-start=\"2968\" data-end=\"2971\">Fra\u0148a Mojtu 18, 949 01 Nitra, Slowakei<br data-start=\"3010\" data-end=\"3013\">E-Mail: info@markomontage.sk<br data-start=\"3032\" data-end=\"3035\">Telefon: +421 907 596 872<\/p>\n<hr data-start=\"3059\" data-end=\"3062\">\n<h3 data-start=\"3064\" data-end=\"3083\">9. Aufsichtsbeh\u00f6rde<\/h3>\n<p data-start=\"3084\" data-end=\"3162\">Wenn Sie der Meinung sind, dass Ihre Rechte verletzt wurden, haben Sie das Recht, eine Beschwerde einzureichen:<\/p>\n<p data-start=\"3164\" data-end=\"3269\"><strong data-start=\"3164\" data-end=\"3202\">Beh\u00f6rde f\u00fcr den Schutz personenbezogener Daten der Slowakischen Republik<\/strong><br data-start=\"3202\" data-end=\"3205\">Grenze 12<br data-start=\"3216\" data-end=\"3219\">820 07 Bratislava 27<br data-start=\"3239\" data-end=\"3242\"><a class=\"decorated-link cursor-pointer\" target=\"_new\" rel=\"noopener\" data-start=\"3242\" data-end=\"3267\">www.dataprotection.gov.sk<\/a><\/p>\n<hr data-start=\"3271\" data-end=\"3274\">\n<p data-start=\"3276\" data-end=\"3322\">Dieses Dokument ist ab dem 01.09.2025 g\u00fcltig.<\/p>\n<\/div><\/div><\/div><\/div><\/div><\/p>","protected":false},"excerpt":{"rendered":"","protected":false},"author":1,"featured_media":0,"parent":0,"menu_order":0,"comment_status":"closed","ping_status":"closed","template":"100-width.php","meta":{"_acf_changed":false,"footnotes":""},"class_list":["post-667","page","type-page","status-publish","hentry"],"acf":[],"_links":{"self":[{"href":"https:\/\/markomontage.sk\/de\/wp-json\/wp\/v2\/pages\/667","targetHints":{"allow":["GET"]}}],"collection":[{"href":"https:\/\/markomontage.sk\/de\/wp-json\/wp\/v2\/pages"}],"about":[{"href":"https:\/\/markomontage.sk\/de\/wp-json\/wp\/v2\/types\/page"}],"author":[{"embeddable":true,"href":"https:\/\/markomontage.sk\/de\/wp-json\/wp\/v2\/users\/1"}],"replies":[{"embeddable":true,"href":"https:\/\/markomontage.sk\/de\/wp-json\/wp\/v2\/comments?post=667"}],"version-history":[{"count":3,"href":"https:\/\/markomontage.sk\/de\/wp-json\/wp\/v2\/pages\/667\/revisions"}],"predecessor-version":[{"id":670,"href":"https:\/\/markomontage.sk\/de\/wp-json\/wp\/v2\/pages\/667\/revisions\/670"}],"wp:attachment":[{"href":"https:\/\/markomontage.sk\/de\/wp-json\/wp\/v2\/media?parent=667"}],"curies":[{"name":"wp","href":"https:\/\/api.w.org\/{rel}","templated":true}]}}